{"id":1033,"date":"2018-06-20T12:12:24","date_gmt":"2018-06-20T12:12:24","guid":{"rendered":"http:\/\/helipasion.com\/?page_id=1033"},"modified":"2018-06-20T12:12:24","modified_gmt":"2018-06-20T12:12:24","slug":"aviso-legal","status":"publish","type":"page","link":"https:\/\/helipasion.com\/en\/aviso-legal\/","title":{"rendered":"Legal Notice"},"content":{"rendered":"<div class=\"vc_row wpb_row vc_row-fluid\"><div class=\"wpb_column vc_column_container vc_col-sm-12\"><div class=\"vc_column-inner\"><div class=\"wpb_wrapper\"><div id=\"ultimate-heading-15136a04bd5f7c410\" class=\"uvc-heading ult-adjust-bottom-margin ultimate-heading-15136a04bd5f7c410 uvc-9418\" data-hspacer=\"line_only\"  data-halign=\"center\" style=\"text-align:center\"><div class=\"uvc-main-heading ult-responsive\"  data-ultimate-target='.uvc-heading.ultimate-heading-15136a04bd5f7c410 h2'  data-responsive-json-new='{\"font-size\":\"desktop:48px;\",\"line-height\":\"desktop:58px;\"}' ><h2 style=\"font-family:&#039;Open Sans&#039;;font-weight:300;margin-top:30px;margin-bottom:5px;\">Pol\u00edtica de privacidad<\/h2><\/div><div class=\"uvc-heading-spacer line_only\" style=\"margin-bottom:15px;height:2px;\"><span class=\"uvc-headings-line\" style=\"border-style:solid;border-bottom-width:2px;border-color:#329bd2;width:70px;\"><\/span><\/div><\/div>\n\t<div class=\"wpb_text_column wpb_content_element\" >\n\t\t<div class=\"wpb_wrapper\">\n\t\t\t<p>DELTRO SOLDATEC Y SOLDATEC JMTG garantizan la seguridad y confidencialidad de los datos facilitados por cada usuario, cumpliendo con lo dispuesto en la Ley Org\u00e1nica 15\/1999, de 13 de Diciembre, de Protecci\u00f3n de Datos de Car\u00e1cter Personal y conforme al compromiso que adquiere al aplicar su Pol\u00edtica de Privacidad.<\/p>\n\n\t\t<\/div>\n\t<\/div>\n<\/div><\/div><\/div><\/div><div class=\"vc_row wpb_row vc_row-fluid\"><div class=\"wpb_column vc_column_container vc_col-sm-12\"><div class=\"vc_column-inner\"><div class=\"wpb_wrapper\"><div id=\"ultimate-heading-36036a04bd5f7cc19\" class=\"uvc-heading ult-adjust-bottom-margin ultimate-heading-36036a04bd5f7cc19 uvc-1899\" data-hspacer=\"line_only\"  data-halign=\"center\" style=\"text-align:center\"><div class=\"uvc-main-heading ult-responsive\"  data-ultimate-target='.uvc-heading.ultimate-heading-36036a04bd5f7cc19 h2'  data-responsive-json-new='{\"font-size\":\"desktop:48px;\",\"line-height\":\"desktop:58px;\"}' ><h2 style=\"font-family:&#039;Open Sans&#039;;font-weight:300;margin-top:30px;margin-bottom:5px;\">Legal Notice<\/h2><\/div><div class=\"uvc-heading-spacer line_only\" style=\"margin-bottom:15px;height:2px;\"><span class=\"uvc-headings-line\" style=\"border-style:solid;border-bottom-width:2px;border-color:#329bd2;width:70px;\"><\/span><\/div><\/div>\n\t<div class=\"wpb_text_column wpb_content_element\" >\n\t\t<div class=\"wpb_wrapper\">\n\t\t\t<p>Estas condiciones regulan el uso del sitio de internet www.weldingtec.com , propiedad de la empresa DELTRO SOLDATEC Y WELDINGTEC.<\/p>\n<p>DELTRO SOLDATEC Y Soldatec JMTG se reserva el derecho a modificar las presentes condiciones de uso con el objeto de adecuarlas a la legislaci\u00f3n vigente aplicable en cada momento o a las necesidades derivadas del funcionamiento del sitio web.<\/p>\n<p>Estas condiciones no excluyen la posibilidad de que determinados servicios del sitio web, por sus caracter\u00edsticas particulares, dispongan adem\u00e1s de estas condiciones generales, de sus propias condiciones particulares de uso.<\/p>\n<p>La utilizaci\u00f3n del web y, particularmente, la cumplimentaci\u00f3n de cualquiera de los formularios, atribuye la condici\u00f3n de usuario del web y supone la aceptaci\u00f3n plena y sin reservas por parte del usuario de las presentes condiciones en la versi\u00f3n publicada por DELTRO SOLDATEC Y Soldatec JMTG en el momento en que el usuario acceda al mismo.<\/p>\n<p>A trav\u00e9s de la web de DELTRO SOLDATEC Y Soldatec JMTG se facilita a los usuarios el acceso y la utilizaci\u00f3n de diversos servicios y contenidos puestos a disposici\u00f3n del usuario por DELTRO SOLDATEC Y Soldatec JMTG y, eventualmente, terceros proveedores de servicios y contenidos.<\/p>\n<p>DELTRO SOLDATEC Y Soldatec JMTG se reserva el derecho a modificar unilateralmente, en cualquier momento, y sin aviso previo, la presentaci\u00f3n y configuraci\u00f3n del mismo y de los servicios prestados a trav\u00e9s de \u00e9l, as\u00ed como sus condiciones de utilizaci\u00f3n.<\/p>\n<p>El usuario se compromete a utilizar el sitio web y todo su contenido y servicios de acuerdo con lo establecido en la ley, la moral y el orden p\u00fablico y de acuerdo con las presentes condiciones generales de uso y de las condiciones particulares que, en su caso, le sean de aplicaci\u00f3n. Asimismo se compromete a hacer un uso adecuado de los servicios y contenidos del web y a no emplearlos para realizar actividades il\u00edcitas o contrarias a la moral y el orden p\u00fablico, que atenten contra los derechos de terceros o que infrinjan los derechos de la propiedad intelectual e industrial, o cualesquiera otras normas aplicables.<\/p>\n<p>DELTRO SOLDATEC Y Soldatec JMTG no ser\u00e1 responsable de los fallos que pudieran producirse en las comunicaciones, incluido el borrado, transmisi\u00f3n incompleta o retrasos en la remisi\u00f3n, no comprometi\u00e9ndose tampoco a que la red de transmisi\u00f3n est\u00e9 operativa en todo momento.<\/p>\n<p>DELTRO SOLDATEC Y Soldatec JMTG se reserva el derecho a denegar o retirar el acceso al sitio web y\/o a los servicios en cualquier momento y sin necesidad de preaviso a aquellos usuarios que incumplan las presentes condiciones.<br \/>\nEn lo no previsto en estas condiciones generales, as\u00ed como en la interpretaci\u00f3n y resoluci\u00f3n de los conflictos que pudieran surgir como consecuencia del mismo ser\u00e1 de aplicaci\u00f3n la legislaci\u00f3n espa\u00f1ola.<\/p>\n\n\t\t<\/div>\n\t<\/div>\n<\/div><\/div><\/div><\/div>","protected":false},"excerpt":{"rendered":"<p>Pol\u00edtica de privacidad DELTRO SOLDATEC Y SOLDATEC JMTG garantizan la seguridad y confidencialidad de los datos facilitados por cada usuario, cumpliendo con lo dispuesto en la Ley Org\u00e1nica 15\/1999, de 13 de Diciembre, de Protecci\u00f3n de Datos de Car\u00e1cter Personal y conforme al compromiso que adquiere al aplicar su Pol\u00edtica de Privacidad. Aviso Legal Estas&hellip;<\/p>","protected":false},"author":1,"featured_media":0,"parent":0,"menu_order":0,"comment_status":"closed","ping_status":"closed","template":"","meta":[],"_links":{"self":[{"href":"https:\/\/helipasion.com\/en\/wp-json\/wp\/v2\/pages\/1033"}],"collection":[{"href":"https:\/\/helipasion.com\/en\/wp-json\/wp\/v2\/pages"}],"about":[{"href":"https:\/\/helipasion.com\/en\/wp-json\/wp\/v2\/types\/page"}],"author":[{"embeddable":true,"href":"https:\/\/helipasion.com\/en\/wp-json\/wp\/v2\/users\/1"}],"replies":[{"embeddable":true,"href":"https:\/\/helipasion.com\/en\/wp-json\/wp\/v2\/comments?post=1033"}],"version-history":[{"count":1,"href":"https:\/\/helipasion.com\/en\/wp-json\/wp\/v2\/pages\/1033\/revisions"}],"predecessor-version":[{"id":1034,"href":"https:\/\/helipasion.com\/en\/wp-json\/wp\/v2\/pages\/1033\/revisions\/1034"}],"wp:attachment":[{"href":"https:\/\/helipasion.com\/en\/wp-json\/wp\/v2\/media?parent=1033"}],"curies":[{"name":"wp","href":"https:\/\/api.w.org\/{rel}","templated":true}]}}