{"id":1042,"date":"2019-02-04T11:33:04","date_gmt":"2019-02-04T11:33:04","guid":{"rendered":"http:\/\/helipasion.com\/?page_id=1042"},"modified":"2019-02-04T11:40:27","modified_gmt":"2019-02-04T11:40:27","slug":"politica-de-calidad","status":"publish","type":"page","link":"https:\/\/helipasion.com\/en\/politica-de-calidad\/","title":{"rendered":"Quality Policy"},"content":{"rendered":"<h1><\/h1>\n<h1><strong>POLITICA DE CALIDAD DELTRO SOLDATEC, S.L.<\/strong><\/h1>\n<p>&nbsp;<\/p>\n<p>La Calidad, en los procesos desarrollados por <strong><em>DELTRO SOLDATEC. S.L.,<\/em><\/strong> forma parte importante en las decisiones de la Direcci\u00f3n. Por tanto, existe una Pol\u00edtica basada en las siguientes directrices:<\/p>\n<ul>\n<li>Promover la mejora continua de las actividades y servicios en el \u00e1mbito de su relaci\u00f3n con la Calidad, evalu\u00e1ndose por anticipado las repercusiones de cualquier nuevo desarrollo.<\/li>\n<li>Demostrar a nuestros clientes actuales y potenciales nuestra capacidad para ofrecer unos servicios y productos siempre conformes con la calidad requerida.<\/li>\n<li>Cumplir en todo momento las exigencias de la legislaci\u00f3n y la normativa vigente que le sea de aplicaci\u00f3n a nuestra organizaci\u00f3n,<\/li>\n<li>Fomentar la comunicaci\u00f3n y cooperaci\u00f3n con los empleados y proveedores para que se alcancen todos los objetivos marcados y los clientes reciban la mejor atenci\u00f3n y servicio por nuestra parte. Se prestar\u00e1 especial atenci\u00f3n a las inquietudes de los empleados, proveedores, clientes o dem\u00e1s partes interesadas en materia de calidad.<\/li>\n<li>Formar y sensibilizar a cada empleado de <strong><em>DELTRO SOLDATEC. S.L.<\/em><\/strong> haci\u00e9ndoles participes de nuestra pol\u00edtica en todas sus actividades, de manera que la gesti\u00f3n de la calidad, incumba a todos los miembros de la organizaci\u00f3n.<\/li>\n<li>Documentar, revisar, actualizar y comunicar peri\u00f3dicamente el cumplimiento de la Pol\u00edtica establecida, as\u00ed como los objetivos y metas asociados a la misma, dentro del proceso de mejora continua de nuestra actuaci\u00f3n con respecto a la Calidad.<\/li>\n<\/ul>\n<p>Estos principios, que ser\u00e1n divulgados a toda la organizaci\u00f3n, servir\u00e1n de gu\u00eda para la determinaci\u00f3n de los objetivos, que con car\u00e1cter anual, se establecer\u00e1n conforme a criterios de mejora continua, para asegurar que se cumpla la pol\u00edtica de la entidad, gracias al esfuerzo y colaboraci\u00f3n de todos los trabajadores, mandos y el apoyo del equipo directivo de la entidad.<\/p>\n<p>Esta pol\u00edtica de la organizaci\u00f3n se ha desarrollado teniendo en cuenta el contexto en el que se desenvuelve la misma., considerando adem\u00e1s a todas y cada una de las partes interesadas que se engloban en este contexto, desde nuestros propios trabajadores, hasta nuestros clientes y proveedores, pasando por nuestros competidores, de tal manera que aquellas situaciones y decisiones que se toman desde la direcci\u00f3n tengan en cuenta a cada uno de ellas, apoyando una mejor relaci\u00f3n entre todos.<\/p>\n<p>&nbsp;<\/p>","protected":false},"excerpt":{"rendered":"<p>POLITICA DE CALIDAD DELTRO SOLDATEC, S.L. &nbsp; La Calidad, en los procesos desarrollados por DELTRO SOLDATEC. S.L., forma parte importante en las decisiones de la Direcci\u00f3n. Por tanto, existe una Pol\u00edtica basada en las siguientes directrices: Promover la mejora continua de las actividades y servicios en el \u00e1mbito de su relaci\u00f3n con la Calidad, evalu\u00e1ndose&hellip;<\/p>","protected":false},"author":1,"featured_media":0,"parent":0,"menu_order":0,"comment_status":"closed","ping_status":"closed","template":"","meta":[],"_links":{"self":[{"href":"https:\/\/helipasion.com\/en\/wp-json\/wp\/v2\/pages\/1042"}],"collection":[{"href":"https:\/\/helipasion.com\/en\/wp-json\/wp\/v2\/pages"}],"about":[{"href":"https:\/\/helipasion.com\/en\/wp-json\/wp\/v2\/types\/page"}],"author":[{"embeddable":true,"href":"https:\/\/helipasion.com\/en\/wp-json\/wp\/v2\/users\/1"}],"replies":[{"embeddable":true,"href":"https:\/\/helipasion.com\/en\/wp-json\/wp\/v2\/comments?post=1042"}],"version-history":[{"count":3,"href":"https:\/\/helipasion.com\/en\/wp-json\/wp\/v2\/pages\/1042\/revisions"}],"predecessor-version":[{"id":1050,"href":"https:\/\/helipasion.com\/en\/wp-json\/wp\/v2\/pages\/1042\/revisions\/1050"}],"wp:attachment":[{"href":"https:\/\/helipasion.com\/en\/wp-json\/wp\/v2\/media?parent=1042"}],"curies":[{"name":"wp","href":"https:\/\/api.w.org\/{rel}","templated":true}]}}